{"id":2102,"date":"2017-11-10T07:58:53","date_gmt":"2017-11-10T06:58:53","guid":{"rendered":"http:\/\/lacasa.vet\/?page_id=2102"},"modified":"2024-01-12T20:08:36","modified_gmt":"2024-01-12T18:08:36","slug":"lacasa","status":"publish","type":"page","link":"https:\/\/lacasa.vet\/es\/lacasa\/","title":{"rendered":"Lacasa"},"content":{"rendered":"<p><div class=\"fusion-fullwidth fullwidth-box fusion-builder-row-1 fusion-parallax-none hundred-percent-fullwidth non-hundred-percent-height-scrolling\" style=\"--awb-background-position:center top;--awb-border-sizes-top:0px;--awb-border-sizes-bottom:0px;--awb-border-sizes-left:0px;--awb-border-sizes-right:0px;--awb-border-radius-top-left:0px;--awb-border-radius-top-right:0px;--awb-border-radius-bottom-right:0px;--awb-border-radius-bottom-left:0px;--awb-padding-top:28%;--awb-padding-right:0%;--awb-padding-bottom:28%;--awb-padding-left:0%;--awb-background-image:url(&quot;http:\/\/lacasa.vet\/wp-content\/uploads\/2015\/12\/LACASA-imatgebase-lacasa-3.jpg&quot;);--awb-background-size:cover;--awb-flex-wrap:wrap;\" ><div class=\"fusion-builder-row fusion-row\"><div class=\"fusion-layout-column fusion_builder_column fusion-builder-column-0 fusion_builder_column_1_1 1_1 fusion-one-full fusion-column-first fusion-column-last\" style=\"--awb-bg-size:cover;\"><div class=\"fusion-column-wrapper fusion-flex-column-wrapper-legacy\"><a class=\"fusion-one-page-text-link\" href=\"#lacasa\"><div class=\"fusion-fa-align-center\"><i class=\"fb-icon-element-1 fb-icon-element fontawesome-icon fa fa-angle-down circle-no fusion-animated\" style=\"--awb-font-size:80px;\" data-animationType=\"fadeInUp\" data-animationDuration=\"0.6\" data-animationOffset=\"top-into-view\"><\/i><\/div><\/a><div class=\"fusion-clearfix\"><\/div><\/div><\/div><\/div><\/div><div id=\"lacasa\" class=\"fusion-container-anchor\"><div class=\"fusion-fullwidth fullwidth-box fusion-builder-row-2 nonhundred-percent-fullwidth non-hundred-percent-height-scrolling\" style=\"--awb-border-sizes-top:0px;--awb-border-sizes-bottom:0px;--awb-border-sizes-left:0px;--awb-border-sizes-right:0px;--awb-border-radius-top-left:0px;--awb-border-radius-top-right:0px;--awb-border-radius-bottom-right:0px;--awb-border-radius-bottom-left:0px;--awb-padding-top:100px;--awb-padding-bottom:130px;--awb-background-color:#f7f7f7;--awb-flex-wrap:wrap;\" ><div class=\"fusion-builder-row fusion-row\"><div class=\"fusion-layout-column fusion_builder_column fusion-builder-column-1 fusion_builder_column_1_6 1_6 fusion-one-sixth fusion-column-first fusion-no-small-visibility\" style=\"--awb-bg-size:cover;width:13.3333%; margin-right: 4%;\"><div class=\"fusion-column-wrapper fusion-flex-column-wrapper-legacy\"><div class=\"fusion-sep-clear\"><\/div><div class=\"fusion-separator fusion-full-width-sep\" style=\"margin-left: auto;margin-right: auto;width:100%;\"><\/div><div class=\"fusion-sep-clear\"><\/div><div class=\"fusion-clearfix\"><\/div><\/div><\/div><div class=\"fusion-layout-column fusion_builder_column fusion-builder-column-2 fusion_builder_column_2_3 2_3 fusion-two-third\" style=\"--awb-bg-size:cover;width:65.3333%; margin-right: 4%;\"><div class=\"fusion-column-wrapper fusion-flex-column-wrapper-legacy\"><div class=\"fusion-text fusion-text-1\"><h1 style=\"text-align: center;\" data-fontsize=\"50\" data-lineheight=\"70\">Cl\u00ednica veterinaria<\/h1>\n<p>Localizada en el municipio de Palau-solit\u00e0 i Plegamans, muy cerca de Barcelona.<\/p>\n<p>El objetivo de Lacasa Cl\u00ednica Veterinaria es ofrecer una soluci\u00f3n integral, asesorando y acompa\u00f1ando en todos aquellos aspectos que nuestro animal de compa\u00f1\u00eda pueda necesitar.<\/p>\n<p>Tenemos y deseamos un trato cercano y cordial con nuestros clientes, estableciendo una relaci\u00f3n de confianza mutua que ayude a enfocar y solucionar cualquier problema veterinario.<\/p>\n<p>La calidad es nuestra m\u00e1xima, y nuestro compromiso consiste en aplicar siempre los \u00faltimos avances en medicina y cirug\u00eda animal. Estamos continuamente form\u00e1ndonos en una ciencia en constante movimiento, y creemos firmemente que esta es la \u00fanica forma de conseguir nuestro prop\u00f3sito, el de ayudar al m\u00e1ximo n\u00famero de animales a recuperar o mejorar su salud.<\/p>\n<p>Agradecemos a todos los que hab\u00e9is confiado en nosotros, haciendo de nuestro sue\u00f1o una realidad.<\/p>\n<\/div><div class=\"fusion-sep-clear\"><\/div><div class=\"fusion-separator fusion-full-width-sep\" style=\"margin-left: auto;margin-right: auto;margin-top:30px;width:100%;\"><\/div><div class=\"fusion-sep-clear\"><\/div><div class=\"fusion-image-element in-legacy-container\" style=\"--awb-caption-title-font-family:var(--h2_typography-font-family);--awb-caption-title-font-weight:var(--h2_typography-font-weight);--awb-caption-title-font-style:var(--h2_typography-font-style);--awb-caption-title-size:var(--h2_typography-font-size);--awb-caption-title-transform:var(--h2_typography-text-transform);--awb-caption-title-line-height:var(--h2_typography-line-height);--awb-caption-title-letter-spacing:var(--h2_typography-letter-spacing);\"><span class=\" fusion-imageframe imageframe-none imageframe-1 hover-type-none\"><img decoding=\"async\" width=\"1458\" height=\"949\" alt=\"Lacasa clinica vet\" title=\"Untitled design copy\" src=\"https:\/\/lacasa.vet\/wp-content\/uploads\/2024\/01\/Untitled-design-copy.png\" class=\"img-responsive wp-image-2516\" srcset=\"https:\/\/lacasa.vet\/wp-content\/uploads\/2024\/01\/Untitled-design-copy-200x130.png 200w, https:\/\/lacasa.vet\/wp-content\/uploads\/2024\/01\/Untitled-design-copy-400x260.png 400w, https:\/\/lacasa.vet\/wp-content\/uploads\/2024\/01\/Untitled-design-copy-600x391.png 600w, https:\/\/lacasa.vet\/wp-content\/uploads\/2024\/01\/Untitled-design-copy-800x521.png 800w, https:\/\/lacasa.vet\/wp-content\/uploads\/2024\/01\/Untitled-design-copy-1200x781.png 1200w, https:\/\/lacasa.vet\/wp-content\/uploads\/2024\/01\/Untitled-design-copy.png 1458w\" sizes=\"(max-width: 1000px) 100vw, 800px\" \/><\/span><\/div><div class=\"fusion-sep-clear\"><\/div><div class=\"fusion-separator fusion-full-width-sep\" style=\"margin-left: auto;margin-right: auto;margin-top:15px;width:100%;\"><\/div><div class=\"fusion-sep-clear\"><\/div><div class=\"fusion-text fusion-text-2\"><p style=\"text-align: justify;\">Jose V. Lacasa Domingo<br \/>\n<span style=\"font-size: 10pt;\"><em>Veterinario y gerente<\/em><\/span><\/p>\n<p>Licenciado en Veterin\u00e0ria por la Universidad Aut\u00f3noma de Barcelona en 2004, colaborador en diferentes proyectos del Departamento de Cirug\u00eda de la UAB cursando la carrera.<\/p>\n<p>Durante los primeros a\u00f1os experiencia en un hospital veterinario de referencia, para despu\u00e9s dirigir una cl\u00ednica de peque\u00f1os animales como a responsable m\u00e1s de 10 a\u00f1os.<\/p>\n<p>El 5 de noviembre de 2016, nace la nuestra propia cl\u00ednica.<\/p>\n<p>Especialidad en Cirug\u00eda de tejidos blandos y medicina canina i felina.<\/p>\n<p style=\"text-align: justify;\">Certificado europeo en Cirug\u00eda y Traumatolog\u00eda de peque\u00f1os animales (General Practitioner Certificate in Small Animal Surgery) por la ISVPS &#8211; International School of Veterinary Postgraduate Studies.<\/p>\n<\/div><div class=\"fusion-clearfix\"><\/div><\/div><\/div><div class=\"fusion-layout-column fusion_builder_column fusion-builder-column-3 fusion_builder_column_1_6 1_6 fusion-one-sixth fusion-column-last fusion-no-small-visibility\" style=\"--awb-bg-size:cover;width:13.3333%;\"><div class=\"fusion-column-wrapper fusion-flex-column-wrapper-legacy\"><div class=\"fusion-sep-clear\"><\/div><div class=\"fusion-separator fusion-full-width-sep\" style=\"margin-left: auto;margin-right: auto;width:100%;\"><\/div><div class=\"fusion-sep-clear\"><\/div><div class=\"fusion-clearfix\"><\/div><\/div><\/div><\/div><\/div><\/div><div class=\"fusion-fullwidth fullwidth-box fusion-builder-row-3 nonhundred-percent-fullwidth non-hundred-percent-height-scrolling fusion-no-small-visibility fusion-no-medium-visibility\" style=\"--awb-border-sizes-top:0px;--awb-border-sizes-bottom:0px;--awb-border-sizes-left:0px;--awb-border-sizes-right:0px;--awb-border-radius-top-left:0px;--awb-border-radius-top-right:0px;--awb-border-radius-bottom-right:0px;--awb-border-radius-bottom-left:0px;--awb-padding-top:0px;--awb-padding-right:0px;--awb-padding-bottom:0px;--awb-padding-left:0px;--awb-margin-top:0px;--awb-margin-bottom:0px;--awb-background-color:#008aae;--awb-flex-wrap:wrap;\" ><div class=\"fusion-builder-row fusion-row\"><div class=\"fusion-layout-column fusion_builder_column fusion-builder-column-4 fusion_builder_column_1_6 1_6 fusion-one-sixth fusion-column-first\" style=\"--awb-bg-size:cover;\"><div class=\"fusion-column-wrapper fusion-flex-column-wrapper-legacy\"><div class=\"fusion-clearfix\"><\/div><\/div><\/div><div class=\"fusion-layout-column fusion_builder_column fusion-builder-column-5 fusion_builder_column_2_5 2_5 fusion-two-fifth\" style=\"--awb-bg-size:cover;\"><div class=\"fusion-column-wrapper fusion-flex-column-wrapper-legacy\"><div class=\"fusion-text fusion-text-3\"><h1 style=\"text-align: center;\"><span style=\"color: #ffffff; font-size: 20pt;\">S\u00edguenos en las redes sociales.<\/span><\/h1>\n<\/div><div class=\"fusion-clearfix\"><\/div><\/div><\/div><div class=\"fusion-layout-column fusion_builder_column fusion-builder-column-6 fusion_builder_column_1_6 1_6 fusion-one-sixth\" style=\"--awb-padding-left:25px;--awb-bg-size:cover;--awb-margin-top:52px;width:13.3333%; margin-right: 4%;\"><div class=\"fusion-column-wrapper fusion-flex-column-wrapper-legacy\"><div class=\"fusion-text fusion-text-4\"><table>\n<tbody>\n<tr>\n<td><a href=\"https:\/\/www.facebook.com\/lacasaveterinaris\/\" target=\"_blank\" rel=\"noopener\"><img decoding=\"async\" class=\"alignnone size-full wp-image-1332\" src=\"http:\/\/lacasa.vet\/wp-content\/uploads\/2015\/12\/Icona-facebook.png\" alt=\"\" width=\"60\" height=\"61\" \/><\/a><\/td>\n<td><a href=\"https:\/\/www.instagram.com\/explore\/locations\/322747528111222\/lacasa-clinica-veterinaria\/\" target=\"_blank\" rel=\"noopener\"><img decoding=\"async\" class=\"alignnone size-full wp-image-1333\" src=\"http:\/\/lacasa.vet\/wp-content\/uploads\/2015\/12\/Icona-instagram.png\" alt=\"\" width=\"60\" height=\"61\" \/><\/a><\/td>\n<\/tr>\n<\/tbody>\n<\/table>\n<\/div><div class=\"fusion-clearfix\"><\/div><\/div><\/div><\/div><\/div><div class=\"fusion-fullwidth fullwidth-box fusion-builder-row-4 nonhundred-percent-fullwidth non-hundred-percent-height-scrolling fusion-no-large-visibility\" style=\"--awb-border-sizes-top:0px;--awb-border-sizes-bottom:0px;--awb-border-sizes-left:0px;--awb-border-sizes-right:0px;--awb-border-radius-top-left:0px;--awb-border-radius-top-right:0px;--awb-border-radius-bottom-right:0px;--awb-border-radius-bottom-left:0px;--awb-padding-top:0px;--awb-padding-right:0px;--awb-padding-bottom:0px;--awb-padding-left:0px;--awb-margin-top:0px;--awb-margin-bottom:0px;--awb-background-color:#008aae;--awb-flex-wrap:wrap;\" ><div class=\"fusion-builder-row fusion-row\"><div class=\"fusion-layout-column fusion_builder_column fusion-builder-column-7 fusion_builder_column_1_1 1_1 fusion-one-full fusion-column-first fusion-column-last\" style=\"--awb-bg-size:cover;\"><div class=\"fusion-column-wrapper fusion-flex-column-wrapper-legacy\"><div class=\"fusion-text fusion-text-5\"><h1 style=\"text-align: center;\"><span style=\"color: #ffffff; font-size: 20pt;\">S\u00edguenos en las redes sociales.<\/span><\/h1>\n<\/div><div class=\"fusion-clearfix\"><\/div><\/div><\/div><div class=\"fusion-layout-column fusion_builder_column fusion-builder-column-8 fusion_builder_column_2_5 2_5 fusion-two-fifth fusion-column-first\" style=\"--awb-bg-size:cover;\"><div class=\"fusion-column-wrapper fusion-flex-column-wrapper-legacy\"><div class=\"fusion-clearfix\"><\/div><\/div><\/div><div class=\"fusion-layout-column fusion_builder_column fusion-builder-column-9 fusion_builder_column_1_6 1_6 fusion-one-sixth\" style=\"--awb-padding-right:35%;--awb-padding-left:35%;--awb-bg-size:cover;--awb-margin-bottom:0px;width:13.3333%; margin-right: 4%;\"><div class=\"fusion-column-wrapper fusion-flex-column-wrapper-legacy\"><div class=\"fusion-text fusion-text-6\"><table>\n<tbody>\n<tr>\n<td><a href=\"https:\/\/www.facebook.com\/lacasaveterinaris\/\" target=\"_blank\" rel=\"noopener\"><img decoding=\"async\" class=\"alignnone size-full wp-image-1332\" src=\"http:\/\/lacasa.vet\/wp-content\/uploads\/2015\/12\/Icona-facebook.png\" alt=\"\" width=\"60\" height=\"61\" \/><\/a><\/td>\n<td><a href=\"https:\/\/www.instagram.com\/explore\/locations\/322747528111222\/lacasa-clinica-veterinaria\/\" target=\"_blank\" rel=\"noopener\"><img decoding=\"async\" class=\"alignnone size-full wp-image-1333\" src=\"http:\/\/lacasa.vet\/wp-content\/uploads\/2015\/12\/Icona-instagram.png\" alt=\"\" width=\"60\" height=\"61\" \/><\/a><\/td>\n<\/tr>\n<\/tbody>\n<\/table>\n<\/div><div class=\"fusion-clearfix\"><\/div><\/div><\/div><div class=\"fusion-layout-column fusion_builder_column fusion-builder-column-10 fusion_builder_column_2_5 2_5 fusion-two-fifth\" style=\"--awb-bg-size:cover;\"><div class=\"fusion-column-wrapper fusion-flex-column-wrapper-legacy\"><div class=\"fusion-clearfix\"><\/div><\/div><\/div><\/div><\/div><\/p>\n","protected":false},"excerpt":{"rendered":"","protected":false},"author":1,"featured_media":0,"parent":0,"menu_order":2,"comment_status":"closed","ping_status":"closed","template":"100-width.php","meta":{"footnotes":""},"class_list":["post-2102","page","type-page","status-publish","hentry"],"_links":{"self":[{"href":"https:\/\/lacasa.vet\/es\/wp-json\/wp\/v2\/pages\/2102","targetHints":{"allow":["GET"]}}],"collection":[{"href":"https:\/\/lacasa.vet\/es\/wp-json\/wp\/v2\/pages"}],"about":[{"href":"https:\/\/lacasa.vet\/es\/wp-json\/wp\/v2\/types\/page"}],"author":[{"embeddable":true,"href":"https:\/\/lacasa.vet\/es\/wp-json\/wp\/v2\/users\/1"}],"replies":[{"embeddable":true,"href":"https:\/\/lacasa.vet\/es\/wp-json\/wp\/v2\/comments?post=2102"}],"version-history":[{"count":6,"href":"https:\/\/lacasa.vet\/es\/wp-json\/wp\/v2\/pages\/2102\/revisions"}],"predecessor-version":[{"id":2522,"href":"https:\/\/lacasa.vet\/es\/wp-json\/wp\/v2\/pages\/2102\/revisions\/2522"}],"wp:attachment":[{"href":"https:\/\/lacasa.vet\/es\/wp-json\/wp\/v2\/media?parent=2102"}],"curies":[{"name":"wp","href":"https:\/\/api.w.org\/{rel}","templated":true}]}}